{"id":2329,"date":"2024-03-27T10:49:20","date_gmt":"2024-03-27T09:49:20","guid":{"rendered":"https:\/\/glutoso.com\/produit\/olijfvoeding\/"},"modified":"2024-04-30T13:30:41","modified_gmt":"2024-04-30T11:30:41","slug":"pate-di-olive","status":"publish","type":"product","link":"https:\/\/dev3.gadiros.be\/nl\/produit\/pate-di-olive\/","title":{"rendered":"PAT\u00c9 DI OLIVE"},"content":{"rendered":"<table style=\"border-collapse: collapse; width: 455pt;\" width=\"607\">\n<tbody>\n<tr style=\"height: 150.0pt;\">\n<td class=\"xl16\" style=\"width: 455pt; height: 150.0pt;\" width=\"607\" height=\"200\">Dompel jezelf onder in de harmonie van smaken met onze truffelolijvenpat\u00e9, een culinaire creatie die de rijkdom van olijven combineert met het betoverende aroma van Italiaanse truffel. Gemaakt van zorgvuldig geselecteerde olijven en fijngehakte truffels, biedt onze pat\u00e9 bij elke hap een onvergetelijke smaakbeleving. Deze olijvenpat\u00e9 met truffel is ideaal om uw antipasti- of toastbord te begeleiden of zelfs om uw favoriete mediterrane recepten te verrijken. Hij geeft een vleugje verfijning aan uw maaltijden. Ontdek het perfecte huwelijk tussen mediterrane traditie en de luxe van truffels met onze truffel-olijvenpat\u00e9.<\/td>\n<\/tr>\n<\/tbody>\n<\/table>\n","protected":false},"excerpt":{"rendered":"<p>Dompel jezelf onder in de harmonie van smaken met onze truffelolijvenpat\u00e9, een culinaire creatie die de rijkdom van olijven combineert met het betoverende aroma van Italiaanse truffel. Gemaakt van zorgvuldig geselecteerde olijven en fijngehakte truffels, biedt onze pat\u00e9 bij elke hap een onvergetelijke smaakbeleving. Deze olijvenpat\u00e9 met truffel is ideaal om uw antipasti- of toastbord [&hellip;]<\/p>\n<div style=\"margin-top: 0px; margin-bottom: 0px;\" class=\"sharethis-inline-share-buttons\" data-url=https:\/\/dev3.gadiros.be\/nl\/produit\/pate-di-olive\/><\/div>\n","protected":false},"featured_media":2136,"comment_status":"open","ping_status":"closed","template":"","meta":{"_et_pb_use_builder":"off","_et_pb_old_content":"Lorem ipsum dolor sit amet, consectetur adipiscing elit. Nulla ullamcorper metus elit, sed convallis orci faucibus porttitor. Praesent interdum nisl dolor, ac fringilla odio lobortis eu. Vivamus pellentesque sed dolor eget posuere. Lorem ipsum dolor sit amet, consectetur adipiscing elit. Morbi et auctor libero. Praesent aliquet rhoncus quam, eu faucibus quam. Nunc vestibulum elementum nulla, eget ornare turpis. Phasellus mattis risus odio, ac euismod ligula luctus non. Praesent eget sapien ligula. Suspendisse eget sem sit amet odio lobortis ullamcorper. Lorem ipsum dolor sit amet, consectetur adipiscing elit. Nulla a nisi quis sem laoreet congue. In pharetra elementum finibus. Etiam dignissim, justo non bibendum volutpat, diam leo molestie sem, id consectetur nunc leo id lacus.","_et_gb_content_width":""},"product_brand":[],"product_cat":[70],"product_tag":[],"class_list":{"0":"post-2329","1":"product","2":"type-product","3":"status-publish","4":"has-post-thumbnail","6":"product_cat-onze-producten","8":"first","9":"instock","10":"shipping-taxable","11":"purchasable","12":"product-type-variable","13":"has-default-attributes"},"yoast_head":"<!-- This site is optimized with the Yoast SEO plugin v27.2 - https:\/\/yoast.com\/product\/yoast-seo-wordpress\/ -->\n<title>PAT\u00c9 DI OLIVE - Bij Glutoso: De Truffelprofessional voor de Beste Prijs<\/title>\n<meta name=\"description\" content=\"PAT\u00c9 DI OLIVE en een onge\u00ebvenaarde selectie van producten met verse truffel om te ontdekken op onze website en in onze verkooppunten.\" \/>\n<meta name=\"robots\" content=\"noindex, follow, max-snippet:-1, max-image-preview:large, max-video-preview:-1\" \/>\n<meta property=\"og:locale\" content=\"nl_NL\" \/>\n<meta property=\"og:type\" content=\"article\" \/>\n<meta property=\"og:title\" content=\"PAT\u00c9 DI OLIVE - Bij Glutoso: De Truffelprofessional voor de Beste Prijs\" \/>\n<meta property=\"og:description\" content=\"PAT\u00c9 DI OLIVE en een onge\u00ebvenaarde selectie van producten met verse truffel om te ontdekken op onze website en in onze verkooppunten.\" \/>\n<meta property=\"og:url\" content=\"https:\/\/dev3.gadiros.be\/nl\/produit\/pate-di-olive\/\" \/>\n<meta property=\"og:site_name\" content=\"Glutoso\" \/>\n<meta property=\"article:publisher\" content=\"https:\/\/www.facebook.com\/Glutoso\" \/>\n<meta property=\"article:modified_time\" content=\"2024-04-30T11:30:41+00:00\" \/>\n<meta property=\"og:image\" content=\"https:\/\/glutoso.com\/wp-content\/uploads\/2024\/03\/glutoso-truffe-pates-olive-05-scaled.jpg\" \/>\n\t<meta property=\"og:image:width\" content=\"1920\" \/>\n\t<meta property=\"og:image:height\" content=\"2560\" \/>\n\t<meta property=\"og:image:type\" content=\"image\/jpeg\" \/>\n<meta name=\"twitter:card\" content=\"summary_large_image\" \/>\n<meta name=\"twitter:label1\" content=\"Geschatte leestijd\" \/>\n\t<meta name=\"twitter:data1\" content=\"1 minuut\" \/>\n<script type=\"application\/ld+json\" class=\"yoast-schema-graph\">{\"@context\":\"https:\/\/schema.org\",\"@graph\":[{\"@type\":\"WebPage\",\"@id\":\"https:\/\/dev3.gadiros.be\/nl\/produit\/pate-di-olive\/\",\"url\":\"https:\/\/dev3.gadiros.be\/nl\/produit\/pate-di-olive\/\",\"name\":\"PAT\u00c9 DI OLIVE - Bij Glutoso: De Truffelprofessional voor de Beste Prijs\",\"isPartOf\":{\"@id\":\"https:\/\/dev3.gadiros.be\/nl\/#website\"},\"primaryImageOfPage\":{\"@id\":\"https:\/\/dev3.gadiros.be\/nl\/produit\/pate-di-olive\/#primaryimage\"},\"image\":{\"@id\":\"https:\/\/dev3.gadiros.be\/nl\/produit\/pate-di-olive\/#primaryimage\"},\"thumbnailUrl\":\"https:\/\/dev3.gadiros.be\/wp-content\/uploads\/2024\/03\/glutoso-truffe-pates-olive-05-scaled.jpg\",\"datePublished\":\"2024-03-27T09:49:20+00:00\",\"dateModified\":\"2024-04-30T11:30:41+00:00\",\"description\":\"PAT\u00c9 DI OLIVE en een onge\u00ebvenaarde selectie van producten met verse truffel om te ontdekken op onze website en in onze verkooppunten.\",\"breadcrumb\":{\"@id\":\"https:\/\/dev3.gadiros.be\/nl\/produit\/pate-di-olive\/#breadcrumb\"},\"inLanguage\":\"nl-NL\",\"potentialAction\":[{\"@type\":\"ReadAction\",\"target\":[\"https:\/\/dev3.gadiros.be\/nl\/produit\/pate-di-olive\/\"]}]},{\"@type\":\"ImageObject\",\"inLanguage\":\"nl-NL\",\"@id\":\"https:\/\/dev3.gadiros.be\/nl\/produit\/pate-di-olive\/#primaryimage\",\"url\":\"https:\/\/dev3.gadiros.be\/wp-content\/uploads\/2024\/03\/glutoso-truffe-pates-olive-05-scaled.jpg\",\"contentUrl\":\"https:\/\/dev3.gadiros.be\/wp-content\/uploads\/2024\/03\/glutoso-truffe-pates-olive-05-scaled.jpg\",\"width\":1920,\"height\":2560},{\"@type\":\"BreadcrumbList\",\"@id\":\"https:\/\/dev3.gadiros.be\/nl\/produit\/pate-di-olive\/#breadcrumb\",\"itemListElement\":[{\"@type\":\"ListItem\",\"position\":1,\"name\":\"Ontvangst\",\"item\":\"https:\/\/glutoso.com\/nl\/ontvangst\/\"},{\"@type\":\"ListItem\",\"position\":2,\"name\":\"Boutique\",\"item\":\"https:\/\/glutoso.com\/?page_id=2263\"},{\"@type\":\"ListItem\",\"position\":3,\"name\":\"PAT\u00c9 DI OLIVE\"}]},{\"@type\":\"WebSite\",\"@id\":\"https:\/\/dev3.gadiros.be\/nl\/#website\",\"url\":\"https:\/\/dev3.gadiros.be\/nl\/\",\"name\":\"Glutoso\",\"description\":\"Truffe ta vie d\u2019amour et de go\u00fbt !\",\"publisher\":{\"@id\":\"https:\/\/dev3.gadiros.be\/nl\/#organization\"},\"potentialAction\":[{\"@type\":\"SearchAction\",\"target\":{\"@type\":\"EntryPoint\",\"urlTemplate\":\"https:\/\/dev3.gadiros.be\/nl\/?s={search_term_string}\"},\"query-input\":{\"@type\":\"PropertyValueSpecification\",\"valueRequired\":true,\"valueName\":\"search_term_string\"}}],\"inLanguage\":\"nl-NL\"},{\"@type\":\"Organization\",\"@id\":\"https:\/\/dev3.gadiros.be\/nl\/#organization\",\"name\":\"Glutoso\",\"url\":\"https:\/\/dev3.gadiros.be\/nl\/\",\"logo\":{\"@type\":\"ImageObject\",\"inLanguage\":\"nl-NL\",\"@id\":\"https:\/\/dev3.gadiros.be\/nl\/#\/schema\/logo\/image\/\",\"url\":\"https:\/\/dev3.gadiros.be\/wp-content\/uploads\/2024\/02\/top-logo-glutoso.png\",\"contentUrl\":\"https:\/\/dev3.gadiros.be\/wp-content\/uploads\/2024\/02\/top-logo-glutoso.png\",\"width\":842,\"height\":595,\"caption\":\"Glutoso\"},\"image\":{\"@id\":\"https:\/\/dev3.gadiros.be\/nl\/#\/schema\/logo\/image\/\"},\"sameAs\":[\"https:\/\/www.facebook.com\/Glutoso\",\"https:\/\/www.instagram.com\/glutoso\/\"]}]}<\/script>\n<!-- \/ Yoast SEO plugin. -->","yoast_head_json":{"title":"PAT\u00c9 DI OLIVE - Bij Glutoso: De Truffelprofessional voor de Beste Prijs","description":"PAT\u00c9 DI OLIVE en een onge\u00ebvenaarde selectie van producten met verse truffel om te ontdekken op onze website en in onze verkooppunten.","robots":{"index":"noindex","follow":"follow","max-snippet":"max-snippet:-1","max-image-preview":"max-image-preview:large","max-video-preview":"max-video-preview:-1"},"og_locale":"nl_NL","og_type":"article","og_title":"PAT\u00c9 DI OLIVE - Bij Glutoso: De Truffelprofessional voor de Beste Prijs","og_description":"PAT\u00c9 DI OLIVE en een onge\u00ebvenaarde selectie van producten met verse truffel om te ontdekken op onze website en in onze verkooppunten.","og_url":"https:\/\/dev3.gadiros.be\/nl\/produit\/pate-di-olive\/","og_site_name":"Glutoso","article_publisher":"https:\/\/www.facebook.com\/Glutoso","article_modified_time":"2024-04-30T11:30:41+00:00","og_image":[{"width":1920,"height":2560,"url":"https:\/\/glutoso.com\/wp-content\/uploads\/2024\/03\/glutoso-truffe-pates-olive-05-scaled.jpg","type":"image\/jpeg"}],"twitter_card":"summary_large_image","twitter_misc":{"Geschatte leestijd":"1 minuut"},"schema":{"@context":"https:\/\/schema.org","@graph":[{"@type":"WebPage","@id":"https:\/\/dev3.gadiros.be\/nl\/produit\/pate-di-olive\/","url":"https:\/\/dev3.gadiros.be\/nl\/produit\/pate-di-olive\/","name":"PAT\u00c9 DI OLIVE - Bij Glutoso: De Truffelprofessional voor de Beste Prijs","isPartOf":{"@id":"https:\/\/dev3.gadiros.be\/nl\/#website"},"primaryImageOfPage":{"@id":"https:\/\/dev3.gadiros.be\/nl\/produit\/pate-di-olive\/#primaryimage"},"image":{"@id":"https:\/\/dev3.gadiros.be\/nl\/produit\/pate-di-olive\/#primaryimage"},"thumbnailUrl":"https:\/\/dev3.gadiros.be\/wp-content\/uploads\/2024\/03\/glutoso-truffe-pates-olive-05-scaled.jpg","datePublished":"2024-03-27T09:49:20+00:00","dateModified":"2024-04-30T11:30:41+00:00","description":"PAT\u00c9 DI OLIVE en een onge\u00ebvenaarde selectie van producten met verse truffel om te ontdekken op onze website en in onze verkooppunten.","breadcrumb":{"@id":"https:\/\/dev3.gadiros.be\/nl\/produit\/pate-di-olive\/#breadcrumb"},"inLanguage":"nl-NL","potentialAction":[{"@type":"ReadAction","target":["https:\/\/dev3.gadiros.be\/nl\/produit\/pate-di-olive\/"]}]},{"@type":"ImageObject","inLanguage":"nl-NL","@id":"https:\/\/dev3.gadiros.be\/nl\/produit\/pate-di-olive\/#primaryimage","url":"https:\/\/dev3.gadiros.be\/wp-content\/uploads\/2024\/03\/glutoso-truffe-pates-olive-05-scaled.jpg","contentUrl":"https:\/\/dev3.gadiros.be\/wp-content\/uploads\/2024\/03\/glutoso-truffe-pates-olive-05-scaled.jpg","width":1920,"height":2560},{"@type":"BreadcrumbList","@id":"https:\/\/dev3.gadiros.be\/nl\/produit\/pate-di-olive\/#breadcrumb","itemListElement":[{"@type":"ListItem","position":1,"name":"Ontvangst","item":"https:\/\/glutoso.com\/nl\/ontvangst\/"},{"@type":"ListItem","position":2,"name":"Boutique","item":"https:\/\/glutoso.com\/?page_id=2263"},{"@type":"ListItem","position":3,"name":"PAT\u00c9 DI OLIVE"}]},{"@type":"WebSite","@id":"https:\/\/dev3.gadiros.be\/nl\/#website","url":"https:\/\/dev3.gadiros.be\/nl\/","name":"Glutoso","description":"Truffe ta vie d\u2019amour et de go\u00fbt !","publisher":{"@id":"https:\/\/dev3.gadiros.be\/nl\/#organization"},"potentialAction":[{"@type":"SearchAction","target":{"@type":"EntryPoint","urlTemplate":"https:\/\/dev3.gadiros.be\/nl\/?s={search_term_string}"},"query-input":{"@type":"PropertyValueSpecification","valueRequired":true,"valueName":"search_term_string"}}],"inLanguage":"nl-NL"},{"@type":"Organization","@id":"https:\/\/dev3.gadiros.be\/nl\/#organization","name":"Glutoso","url":"https:\/\/dev3.gadiros.be\/nl\/","logo":{"@type":"ImageObject","inLanguage":"nl-NL","@id":"https:\/\/dev3.gadiros.be\/nl\/#\/schema\/logo\/image\/","url":"https:\/\/dev3.gadiros.be\/wp-content\/uploads\/2024\/02\/top-logo-glutoso.png","contentUrl":"https:\/\/dev3.gadiros.be\/wp-content\/uploads\/2024\/02\/top-logo-glutoso.png","width":842,"height":595,"caption":"Glutoso"},"image":{"@id":"https:\/\/dev3.gadiros.be\/nl\/#\/schema\/logo\/image\/"},"sameAs":["https:\/\/www.facebook.com\/Glutoso","https:\/\/www.instagram.com\/glutoso\/"]}]}},"_links":{"self":[{"href":"https:\/\/dev3.gadiros.be\/nl\/wp-json\/wp\/v2\/product\/2329","targetHints":{"allow":["GET"]}}],"collection":[{"href":"https:\/\/dev3.gadiros.be\/nl\/wp-json\/wp\/v2\/product"}],"about":[{"href":"https:\/\/dev3.gadiros.be\/nl\/wp-json\/wp\/v2\/types\/product"}],"replies":[{"embeddable":true,"href":"https:\/\/dev3.gadiros.be\/nl\/wp-json\/wp\/v2\/comments?post=2329"}],"wp:featuredmedia":[{"embeddable":true,"href":"https:\/\/dev3.gadiros.be\/nl\/wp-json\/wp\/v2\/media\/2136"}],"wp:attachment":[{"href":"https:\/\/dev3.gadiros.be\/nl\/wp-json\/wp\/v2\/media?parent=2329"}],"wp:term":[{"taxonomy":"product_brand","embeddable":true,"href":"https:\/\/dev3.gadiros.be\/nl\/wp-json\/wp\/v2\/product_brand?post=2329"},{"taxonomy":"product_cat","embeddable":true,"href":"https:\/\/dev3.gadiros.be\/nl\/wp-json\/wp\/v2\/product_cat?post=2329"},{"taxonomy":"product_tag","embeddable":true,"href":"https:\/\/dev3.gadiros.be\/nl\/wp-json\/wp\/v2\/product_tag?post=2329"}],"curies":[{"name":"wp","href":"https:\/\/api.w.org\/{rel}","templated":true}]}}